{"id":112,"date":"2023-07-18T08:45:54","date_gmt":"2023-07-18T08:45:54","guid":{"rendered":"https:\/\/www.hivehero.cloud\/?page_id=112"},"modified":"2023-07-24T11:37:48","modified_gmt":"2023-07-24T11:37:48","slug":"impressum","status":"publish","type":"page","link":"https:\/\/www.hivehero.cloud\/?page_id=112","title":{"rendered":"Impressum"},"content":{"rendered":"\t\t<div data-elementor-type=\"wp-page\" data-elementor-id=\"112\" class=\"elementor elementor-112\" data-elementor-post-type=\"page\">\n\t\t\t\t<div class=\"elementor-element elementor-element-1469709 e-flex e-con-boxed e-con e-parent\" data-id=\"1469709\" data-element_type=\"container\" data-e-type=\"container\" id=\"Top\" data-settings=\"{&quot;background_background&quot;:&quot;classic&quot;}\">\n\t\t\t\t\t<div class=\"e-con-inner\">\n\t\t\t\t<div class=\"elementor-element elementor-element-47cee290 elementor-widget__width-initial elementor-widget elementor-widget-spacer\" data-id=\"47cee290\" data-element_type=\"widget\" data-e-type=\"widget\" data-widget_type=\"spacer.default\">\n\t\t\t\t<div class=\"elementor-widget-container\">\n\t\t\t\t\t\t\t<div class=\"elementor-spacer\">\n\t\t\t<div class=\"elementor-spacer-inner\"><\/div>\n\t\t<\/div>\n\t\t\t\t\t\t<\/div>\n\t\t\t\t<\/div>\n\t\t\t\t<div class=\"elementor-element elementor-element-37d8a78f elementor-nav-menu__align-center elementor-nav-menu--stretch elementor-widget__width-initial elementor-nav-menu--dropdown-mobile elementor-widget-tablet__width-initial elementor-nav-menu__text-align-aside elementor-nav-menu--toggle elementor-nav-menu--burger elementor-widget elementor-widget-nav-menu\" data-id=\"37d8a78f\" data-element_type=\"widget\" data-e-type=\"widget\" data-settings=\"{&quot;full_width&quot;:&quot;stretch&quot;,&quot;motion_fx_motion_fx_scrolling&quot;:&quot;yes&quot;,&quot;layout&quot;:&quot;horizontal&quot;,&quot;submenu_icon&quot;:{&quot;value&quot;:&quot;&lt;i class=\\&quot;fas fa-caret-down\\&quot; aria-hidden=\\&quot;true\\&quot;&gt;&lt;\\\/i&gt;&quot;,&quot;library&quot;:&quot;fa-solid&quot;},&quot;toggle&quot;:&quot;burger&quot;,&quot;motion_fx_devices&quot;:[&quot;desktop&quot;,&quot;tablet&quot;,&quot;mobile&quot;]}\" data-widget_type=\"nav-menu.default\">\n\t\t\t\t<div class=\"elementor-widget-container\">\n\t\t\t\t\t\t\t\t<nav aria-label=\"Men\u00fc\" class=\"elementor-nav-menu--main elementor-nav-menu__container elementor-nav-menu--layout-horizontal e--pointer-double-line e--animation-slide\">\n\t\t\t\t<ul id=\"menu-1-37d8a78f\" class=\"elementor-nav-menu\"><li class=\"menu-item menu-item-type-post_type menu-item-object-page menu-item-home menu-item-886\"><a href=\"https:\/\/www.hivehero.cloud\/\" class=\"elementor-item\">Start<\/a><\/li>\n<li class=\"menu-item menu-item-type-custom menu-item-object-custom menu-item-887\"><a href=\"https:\/\/hivehero.cloud\/#Info\" class=\"elementor-item elementor-item-anchor\">Info<\/a><\/li>\n<li class=\"menu-item menu-item-type-custom menu-item-object-custom menu-item-has-children menu-item-888\"><a href=\"https:\/\/hivehero.cloud\/#Preise\" class=\"elementor-item elementor-item-anchor\">Preise<\/a>\n<ul class=\"sub-menu elementor-nav-menu--dropdown\">\n\t<li class=\"menu-item menu-item-type-post_type menu-item-object-page menu-item-1395\"><a href=\"https:\/\/www.hivehero.cloud\/?page_id=1385\" class=\"elementor-sub-item\">Cloud-Rechner<\/a><\/li>\n<\/ul>\n<\/li>\n<li class=\"menu-item menu-item-type-custom menu-item-object-custom menu-item-889\"><a href=\"https:\/\/hivehero.cloud\/#Kontakt\" class=\"elementor-item elementor-item-anchor\">Kontakt<\/a><\/li>\n<li class=\"menu-item menu-item-type-custom menu-item-object-custom menu-item-has-children menu-item-890\"><a class=\"elementor-item\">Anmelden \/ Registrieren<\/a>\n<ul class=\"sub-menu elementor-nav-menu--dropdown\">\n\t<li class=\"menu-item menu-item-type-custom menu-item-object-custom menu-item-891\"><a href=\"https:\/\/login.hivehero.cloud\" class=\"elementor-sub-item\">Anmelden<\/a><\/li>\n\t<li class=\"menu-item menu-item-type-custom menu-item-object-custom menu-item-893\"><a href=\"https:\/\/www.hivehero.cloud\/?page_id=877\" class=\"elementor-sub-item\">Kostenlos Registrieren<\/a><\/li>\n<\/ul>\n<\/li>\n<li class=\"menu-item menu-item-type-custom menu-item-object-custom menu-item-1130\"><a href=\"#pll_switcher\" class=\"elementor-item elementor-item-anchor\">Sprachen<\/a><\/li>\n<\/ul>\t\t\t<\/nav>\n\t\t\t\t\t<div class=\"elementor-menu-toggle\" role=\"button\" tabindex=\"0\" aria-label=\"Men\u00fc Umschalter\" aria-expanded=\"false\">\n\t\t\t<i aria-hidden=\"true\" role=\"presentation\" class=\"elementor-menu-toggle__icon--open eicon-menu-bar\"><\/i><i aria-hidden=\"true\" role=\"presentation\" class=\"elementor-menu-toggle__icon--close eicon-close\"><\/i>\t\t<\/div>\n\t\t\t\t\t<nav class=\"elementor-nav-menu--dropdown elementor-nav-menu__container\" aria-hidden=\"true\">\n\t\t\t\t<ul id=\"menu-2-37d8a78f\" class=\"elementor-nav-menu\"><li class=\"menu-item menu-item-type-post_type menu-item-object-page menu-item-home menu-item-886\"><a href=\"https:\/\/www.hivehero.cloud\/\" class=\"elementor-item\" tabindex=\"-1\">Start<\/a><\/li>\n<li class=\"menu-item menu-item-type-custom menu-item-object-custom menu-item-887\"><a href=\"https:\/\/hivehero.cloud\/#Info\" class=\"elementor-item elementor-item-anchor\" tabindex=\"-1\">Info<\/a><\/li>\n<li class=\"menu-item menu-item-type-custom menu-item-object-custom menu-item-has-children menu-item-888\"><a href=\"https:\/\/hivehero.cloud\/#Preise\" class=\"elementor-item elementor-item-anchor\" tabindex=\"-1\">Preise<\/a>\n<ul class=\"sub-menu elementor-nav-menu--dropdown\">\n\t<li class=\"menu-item menu-item-type-post_type menu-item-object-page menu-item-1395\"><a href=\"https:\/\/www.hivehero.cloud\/?page_id=1385\" class=\"elementor-sub-item\" tabindex=\"-1\">Cloud-Rechner<\/a><\/li>\n<\/ul>\n<\/li>\n<li class=\"menu-item menu-item-type-custom menu-item-object-custom menu-item-889\"><a href=\"https:\/\/hivehero.cloud\/#Kontakt\" class=\"elementor-item elementor-item-anchor\" tabindex=\"-1\">Kontakt<\/a><\/li>\n<li class=\"menu-item menu-item-type-custom menu-item-object-custom menu-item-has-children menu-item-890\"><a class=\"elementor-item\" tabindex=\"-1\">Anmelden \/ Registrieren<\/a>\n<ul class=\"sub-menu elementor-nav-menu--dropdown\">\n\t<li class=\"menu-item menu-item-type-custom menu-item-object-custom menu-item-891\"><a href=\"https:\/\/login.hivehero.cloud\" class=\"elementor-sub-item\" tabindex=\"-1\">Anmelden<\/a><\/li>\n\t<li class=\"menu-item menu-item-type-custom menu-item-object-custom menu-item-893\"><a href=\"https:\/\/www.hivehero.cloud\/?page_id=877\" class=\"elementor-sub-item\" tabindex=\"-1\">Kostenlos Registrieren<\/a><\/li>\n<\/ul>\n<\/li>\n<li class=\"menu-item menu-item-type-custom menu-item-object-custom menu-item-1130\"><a href=\"#pll_switcher\" class=\"elementor-item elementor-item-anchor\" tabindex=\"-1\">Sprachen<\/a><\/li>\n<\/ul>\t\t\t<\/nav>\n\t\t\t\t\t\t<\/div>\n\t\t\t\t<\/div>\n\t\t\t\t<div class=\"elementor-element elementor-element-5443022d elementor-widget__width-initial elementor-widget-mobile__width-initial elementor-widget-tablet__width-initial elementor-invisible elementor-widget elementor-widget-image\" data-id=\"5443022d\" data-element_type=\"widget\" data-e-type=\"widget\" data-settings=\"{&quot;_animation&quot;:&quot;rotateIn&quot;}\" data-widget_type=\"image.default\">\n\t\t\t\t<div class=\"elementor-widget-container\">\n\t\t\t\t\t\t\t\t\t\t\t\t\t\t\t\t<a href=\"https:\/\/www.hivehero.cloud\/\">\n\t\t\t\t\t\t\t<img fetchpriority=\"high\" decoding=\"async\" width=\"5000\" height=\"1562\" src=\"https:\/\/www.hivehero.cloud\/wp-content\/uploads\/2023\/07\/Original-on-Transparent.png\" class=\"attachment-full size-full wp-image-457\" alt=\"\" srcset=\"https:\/\/www.hivehero.cloud\/wp-content\/uploads\/2023\/07\/Original-on-Transparent.png 5000w, https:\/\/www.hivehero.cloud\/wp-content\/uploads\/2023\/07\/Original-on-Transparent-300x94.png 300w, https:\/\/www.hivehero.cloud\/wp-content\/uploads\/2023\/07\/Original-on-Transparent-1024x320.png 1024w, https:\/\/www.hivehero.cloud\/wp-content\/uploads\/2023\/07\/Original-on-Transparent-768x240.png 768w, https:\/\/www.hivehero.cloud\/wp-content\/uploads\/2023\/07\/Original-on-Transparent-1536x480.png 1536w, https:\/\/www.hivehero.cloud\/wp-content\/uploads\/2023\/07\/Original-on-Transparent-2048x640.png 2048w\" sizes=\"(max-width: 5000px) 100vw, 5000px\" \/>\t\t\t\t\t\t\t\t<\/a>\n\t\t\t\t\t\t\t\t\t\t\t\t\t\t\t<\/div>\n\t\t\t\t<\/div>\n\t\t\t\t\t<\/div>\n\t\t\t\t<\/div>\n\t\t\t\t<section class=\"elementor-section elementor-top-section elementor-element elementor-element-21f8ede2 elementor-section-boxed elementor-section-height-default elementor-section-height-default\" data-id=\"21f8ede2\" data-element_type=\"section\" data-e-type=\"section\">\n\t\t\t\t\t\t<div class=\"elementor-container elementor-column-gap-default\">\n\t\t\t\t\t<div class=\"elementor-column elementor-col-100 elementor-top-column elementor-element elementor-element-798bf036\" data-id=\"798bf036\" data-element_type=\"column\" data-e-type=\"column\">\n\t\t\t<div class=\"elementor-widget-wrap elementor-element-populated\">\n\t\t\t\t\t\t<div class=\"elementor-element elementor-element-a5bad45 elementor-widget elementor-widget-heading\" data-id=\"a5bad45\" data-element_type=\"widget\" data-e-type=\"widget\" data-widget_type=\"heading.default\">\n\t\t\t\t<div class=\"elementor-widget-container\">\n\t\t\t\t\t<h1 class=\"elementor-heading-title elementor-size-default\">Impressum<\/h1>\t\t\t\t<\/div>\n\t\t\t\t<\/div>\n\t\t\t\t<div class=\"elementor-element elementor-element-120a7c1f elementor-widget elementor-widget-text-editor\" data-id=\"120a7c1f\" data-element_type=\"widget\" data-e-type=\"widget\" data-widget_type=\"text-editor.default\">\n\t\t\t\t<div class=\"elementor-widget-container\">\n\t\t\t\t\t\t\t\t\t<p><\/p>\n<p>F\u00fcr den Inhalt verantwortlich:<br>OpIT GmbH<br>Gesellschaft mit beschr\u00e4nkter Haftung<\/p>\n<p><\/p>\n<p><\/p>\n<p>IT -Dienstleistungen<br>UID Nr: ATU72908589<br>FN: 479647p<br>FB-Gericht: Landesgericht Salzburg<br>Sitz: Gerlosstra\u00dfe 17, 5730 Mittersill<br>Tel: +43 (0)6562 210 10<br>E-Mail:&nbsp;<a href=\"mailto:office@opit.at\">office@opit.at<\/a><\/p>\n<p><\/p>\n<p><\/p>\n<p><strong>Berufsrecht<\/strong>:<br>Gewerbeordnung: www.ris.bka.gv.at<br>Angaben zur Online-Streitbeilegung: Verbraucher haben die M\u00f6glichkeit, Beschwerden an die Online-Streitbeilegungsplattform der EU zu richten:&nbsp;<a rel=\"noreferrer noopener\" href=\"https:\/\/webgate.ec.europa.eu\/odr\/main\/index.cfm?event=main.home.show&amp;lng=DE\" target=\"_blank\">http:\/\/ec.europa.eu\/odr<\/a>.<\/p>\n<p><\/p>\n<p><\/p>\n<p>Sie k\u00f6nnen allf\u00e4llige Beschwerde auch an die oben angegebene E-Mail-Adresse richten.<\/p>\n<p><\/p>\n<p><\/p>\n<p><strong>Quellen<\/strong>:<br>Im Bereich VoIP wurden die Logos und Texte von unseren Partnern zur Verf\u00fcgung gestellt.&nbsp;<br>Quellenangabe zu unseren Partnern:&nbsp;<br>YEALINK:&nbsp;<a href=\"https:\/\/www.yealink.com\/en\">https:\/\/www.yealink.com\/en<\/a><br>Netplanet:&nbsp;<a href=\"https:\/\/www.netplanet.at\/\">https:\/\/www.netplanet.at\/<\/a><br>3CX:&nbsp;<a href=\"https:\/\/www.3cx.de\/\">https:\/\/www.3cx.de\/<\/a><\/p>\n<p>Bienenstock-Bild: https:\/\/www.flaticon.com\/free-icon\/bee-hive_7522563<\/p>\n<p><\/p>\t\t\t\t\t\t\t\t<\/div>\n\t\t\t\t<\/div>\n\t\t\t\t\t<\/div>\n\t\t<\/div>\n\t\t\t\t\t<\/div>\n\t\t<\/section>\n\t\t\t\t<\/div>\n\t\t","protected":false},"excerpt":{"rendered":"<p>Impressum F\u00fcr den Inhalt verantwortlich:OpIT GmbHGesellschaft mit beschr\u00e4nkter Haftung IT -DienstleistungenUID Nr: ATU72908589FN: 479647pFB-Gericht: Landesgericht SalzburgSitz: Gerlosstra\u00dfe 17, 5730 MittersillTel: +43 (0)6562 210 10E-Mail:&nbsp;office@opit.at Berufsrecht:Gewerbeordnung: www.ris.bka.gv.atAngaben zur Online-Streitbeilegung: Verbraucher haben die M\u00f6glichkeit, Beschwerden an die Online-Streitbeilegungsplattform der EU zu richten:&nbsp;http:\/\/ec.europa.eu\/odr. Sie k\u00f6nnen allf\u00e4llige Beschwerde auch an die oben angegebene E-Mail-Adresse richten. Quellen:Im Bereich VoIP wurden [&hellip;]<\/p>\n","protected":false},"author":2,"featured_media":0,"parent":0,"menu_order":0,"comment_status":"closed","ping_status":"closed","template":"","meta":{"footnotes":""},"class_list":["post-112","page","type-page","status-publish","hentry"],"_links":{"self":[{"href":"https:\/\/www.hivehero.cloud\/index.php?rest_route=\/wp\/v2\/pages\/112","targetHints":{"allow":["GET"]}}],"collection":[{"href":"https:\/\/www.hivehero.cloud\/index.php?rest_route=\/wp\/v2\/pages"}],"about":[{"href":"https:\/\/www.hivehero.cloud\/index.php?rest_route=\/wp\/v2\/types\/page"}],"author":[{"embeddable":true,"href":"https:\/\/www.hivehero.cloud\/index.php?rest_route=\/wp\/v2\/users\/2"}],"replies":[{"embeddable":true,"href":"https:\/\/www.hivehero.cloud\/index.php?rest_route=%2Fwp%2Fv2%2Fcomments&post=112"}],"version-history":[{"count":0,"href":"https:\/\/www.hivehero.cloud\/index.php?rest_route=\/wp\/v2\/pages\/112\/revisions"}],"wp:attachment":[{"href":"https:\/\/www.hivehero.cloud\/index.php?rest_route=%2Fwp%2Fv2%2Fmedia&parent=112"}],"curies":[{"name":"wp","href":"https:\/\/api.w.org\/{rel}","templated":true}]}}